{"id":711,"date":"2025-08-12T17:00:58","date_gmt":"2025-08-12T17:00:58","guid":{"rendered":"https:\/\/exeaimpact.org\/politica-de-cookies\/"},"modified":"2026-03-03T16:43:03","modified_gmt":"2026-03-03T16:43:03","slug":"politica-de-cookies","status":"publish","type":"page","link":"https:\/\/exeaimpact.org\/ca\/politica-de-cookies\/","title":{"rendered":"Pol\u00edtica de cookies"},"content":{"rendered":"\r\n<p>Qu\u00e8 s\u00f3n les cookies?<\/p>\r\n\r\n\r\n\r\n<p>Les cookies s\u00f3n petits arxius que alguns llocs web poden instal\u00b7lar en els seus dispositius o terminals d\u2019ordinador i que constitueixen procediments per recopilar autom\u00e0ticament informaci\u00f3 sobre usuaris d\u2019Internet durant la seva visita a un lloc web determinat per tal de, entre uns altres activitats, recon\u00e8ixer-los com a visitants que tornen i personalitzar la seva experi\u00e8ncia, proporcionar una navegaci\u00f3 m\u00e9s r\u00e0pida, recopilar informaci\u00f3 estad\u00edstica o emmagatzemar prefer\u00e8ncies i h\u00e0bits de navegaci\u00f3.<\/p>\r\n\r\n\r\n\r\n<p>Les cookies s\u00f3n \u00fatils perqu\u00e8 permeten als llocs web adaptar millor el seu funcionament a les prefer\u00e8ncies d\u2019usuari i ajudar els administradors de llocs web a millorar els serveis oferts utilitzant la informaci\u00f3 recopilada a trav\u00e9s de les cookies.<\/p>\r\n\r\n\r\n\r\n<p>Tipus de cookies<\/p>\r\n\r\n\r\n\r\n<p><strong>Cookies anal\u00edtiques<\/strong><br \/>Les cookies anal\u00edtiques s\u00f3n cookies que, quan les processa l\u2019empresa o tercers, ens permeten quantificar el nombre de visitants i analitzen estad\u00edsticament la forma en qu\u00e8 els usuaris utilitzen els nostres serveis. A trav\u00e9s d\u2019aix\u00f2, podem estudiar l\u2019activitat de navegaci\u00f3 en el nostre Lloc web i optimitzar segons les necessitats reals dels nostres clients.<\/p>\r\n\r\n\r\n\r\n<p><strong>Cookies de personalitzaci\u00f3<\/strong><br \/>Les cookies de personalitzaci\u00f3, processades per l\u2019Empresa o per tercers, conserven les prefer\u00e8ncies d\u2019usuari de certes eines o serveis perqu\u00e8 els usuaris no hagin de configurar aquestes cookies cada vegada que visitin el nostre lloc web. Aquestes cookies tamb\u00e9 s\u00f3n utilitzades per programes que intenten localitzar el seu ordinador, smartphone, tauleta o televisi\u00f3 connectada.<\/p>\r\n\r\n\r\n\r\n<p><strong>Cookies de gesti\u00f3 d\u2019anuncis<\/strong><br \/>Les cookies de gesti\u00f3 d\u2019anuncis, processades per l\u2019Empresa o per tercers, s\u2019utilitzen per gestionar de forma efectiva l\u2019espai publicitari en el Lloc web mitjan\u00e7ant l\u2019adaptaci\u00f3 de el contingut de l\u2019anunci al contingut del servei sol\u00b7licitat o l\u2019activitat de l\u2019usuari en el nostre Lloc web . Aquestes cookies ens expliquen els h\u00e0bits de navegaci\u00f3 en l\u00ednia dels usuaris i ens permeten oferir anuncis rellevants per al seu perfil de navegaci\u00f3.<\/p>\r\n\r\n\r\n\r\n<p><strong>Cookies de tercers<\/strong><br \/>Algunes de les nostres p\u00e0gines poden contenir cookies de tercers, que s\u2019utilitzen per gestionar i millorar els serveis que ofereixen. Exemples d\u2019aquest \u00fas s\u00f3n els enlla\u00e7os a xarxes socials, que poden utilitzar-se per compartir el nostre contingut.<\/p>\r\n\r\n\r\n\r\n<p>Configuraci\u00f3 de prefer\u00e8ncies de cookies<\/p>\r\n\r\n\r\n\r\n<p>Si els usuaris volen bloquejar les cookies, l\u2019\u00fas d\u2019alguns serveis pot ser limitat.<\/p>\r\n\r\n\r\n\r\n<p>Els usuaris poden canviar la configuraci\u00f3 de cookies en els diferents men\u00fas de l\u2019explorador seguint els passos que s\u2019indiquen a continuaci\u00f3:<\/p>\r\n\r\n\r\n\r\n<p>\u2022 Usuaris de Microsoft Internet Explorer: al men\u00fa Veure, seleccioneu Opcions d\u2019Internet i feu clic a Configuraci\u00f3 avan\u00e7ada.<br \/>\u2022 Usuaris de Netscape: al men\u00fa Edita, seleccioneu Prefer\u00e8ncies i feu clic a Avan\u00e7at.<br \/>\u2022 Usuaris del Firefox: a Mac: al men\u00fa Prefer\u00e8ncies, seleccioneu Privadesa i feu clic a la pestanya Mostra les cookies; a Windows: al men\u00fa Eines, seleccioneu Opcions i feu clic a Privadesa i despr\u00e9s a Mostra les cookies.<br \/>\u2022 Usuaris de Safari: al men\u00fa Safari, seleccioneu Privadesa, feu clic a la pestanya Seguretat i despr\u00e9s a Mostra les cookies.<br \/>\u2022 Usuaris de Google Chrome: al men\u00fa Eines, seleccioneu Opcions (Prefer\u00e8ncies en Mac) i feu clic a Avan\u00e7at; a la secci\u00f3 Privadesa, feu clic a Configuraci\u00f3 de contingut i, a continuaci\u00f3, marqui Cookies a la finestra emergent Configuraci\u00f3 de contingut.<br \/>\u2022 Usuaris de Microsoft Edge: al men\u00fa general, seleccioneu par\u00e0metres i feu clic a Privadesa i seguretat.<\/p>\r\n\r\n\r\n\r\n<p>La informaci\u00f3 anterior pot canviar a mesura que els desenvolupadors dels diferents exploradors llancen noves versions. En qualsevol cas, sempre podr\u00e0 obtenir informaci\u00f3 sobre com canviar la configuraci\u00f3 accedint a l\u2019apartat d\u2019ajuda de navegador.<\/p>\r\n\r\n\r\n\r\n<p><strong>Cookies utilitzades al nostre lloc web.<\/strong><\/p>\r\n\r\n\r\n\r\n<h3 id=\"cookie-policy-title\" class=\"wp-block-heading\">Llista de galetes<\/h3>\r\n\r\n\r\n\r\n<p>En el moment en qu\u00e8 accediu a un lloc web, se sol\u00b7licita perm\u00eds al vostre navegador per emmagatzemar dades en format de fitxer de text (les galetes) al vostre dispositiu. Aix\u00f2 permet obtenir informaci\u00f3 sobre v\u00f3s, com ara les vostres prefer\u00e8ncies d&#8217;idioma o les vostres dades de connexi\u00f3. Aquestes s\u00f3n les galetes que instal\u00b7lem nosaltres i s&#8217;anomenen galetes internes. Tamb\u00e9 fem servir galetes de tercers, que s&#8217;instal\u00b7len des d&#8217;un domini diferent del del lloc web que esteu visitant, amb finalitats publicit\u00e0ries i de m\u00e0rqueting. M\u00e9s espec\u00edficament, fem servir galetes i altres tecnologies de seguiment per als objectius seg\u00fcents:<\/p>\r\n\r\n\r\n\r\n<h4 class=\"wp-block-heading\">Galetes imprescindibles<\/h4>\r\n\r\n\r\n\r\n<p>Aquestes galetes s\u00f3n necess\u00e0ries per al funcionament del lloc web i no es poden desactivar del nostre sistema. Normalment, nom\u00e9s s&#8217;installen com a conseq\u00fc\u00e8ncia d&#8217;alguna acci\u00f3 de l&#8217;usuari que es tradueix en una sol\u00b7licitud de serveis, com ara la configuraci\u00f3 de les prefer\u00e8ncies de privadesa, l&#8217;inici de sessi\u00f3 o l&#8217;emplenament de dades en formularis. Podeu configurar el navegador perqu\u00e8 bloquegi o us avisi sobre aquestes galetes, per\u00f2 llavors \u00e9s possible que algunes parts del lloc web no funcionin correctament.<\/p>\r\n\r\n\r\n\r\n<figure class=\"wp-block-table\">\r\n<table class=\"has-fixed-layout\">\r\n<thead>\r\n<tr>\r\n<th>Subgrup de galetes<\/th>\r\n<th>Galetes<\/th>\r\n<th>Galetes que heu fet servir<\/th>\r\n<th>Duraci\u00f3<\/th>\r\n<\/tr>\r\n<\/thead>\r\n<tbody>\r\n<tr>\r\n<td>exeimpact.org<\/td>\r\n<td><a href=\"https:\/\/cookiepedia.co.uk\/cookies\/OptanonConsent\" target=\"_blank\" rel=\"noreferrer noopener\">OptanonConsent<\/a><\/td>\r\n<td>Propia<\/td>\r\n<td>365 D\u00edas<\/td>\r\n<\/tr>\r\n<\/tbody>\r\n<\/table>\r\n<\/figure>\r\n\r\n\r\n\r\n<h4 class=\"wp-block-heading\">Cookies de rendimiento<\/h4>\r\n\r\n\r\n\r\n<p>Estas cookies nos permiten contar las visitas y fuentes de circulaci\u00f3n para poder medir y mejorar el desempe\u00f1o de nuestro sitio. Nos ayudan a saber qu\u00e9 p\u00e1ginas son las m\u00e1s o menos populares, y ver cu\u00e1ntas personas visitan el sitio. Toda la informaci\u00f3n que recogen estas cookies es agregada y, por lo tanto, an\u00f3nima. Si no permite estas cookies no sabremos cu\u00e1ndo visit\u00f3 nuestro sitio, y por lo tanto no podremos saber cu\u00e1ndo lo visit\u00f3.<\/p>\r\n\r\n\r\n\r\n<h4 class=\"wp-block-heading\">Cookies de rendiment<\/h4>\r\n\r\n\r\n\r\n<p>Aquestes galetes permeten millorar la funcionalitat i la personalitzaci\u00f3 amb eines com ara v\u00eddeos o un xat en directe. Les podem haver instal\u00b7lat nosaltres o b\u00e9 un tercer prove\u00efdor amb serveis incorporats a les nostres p\u00e0gines. Si no accepteu aquestes galetes, la funcionalitat del lloc es pot veure afectada parcialment o total.<\/p>\r\n\r\n\r\n\r\n<figure class=\"wp-block-table\">\r\n<table class=\"has-fixed-layout\">\r\n<thead>\r\n<tr>\r\n<th>Subgrup de galetes<\/th>\r\n<th>Galetes<\/th>\r\n<th>Galetes que heu fet servir<\/th>\r\n<th>Duraci\u00f3<\/th>\r\n<\/tr>\r\n<\/thead>\r\n<tbody>\r\n<tr>\r\n<td><a href=\"https:\/\/cookiepedia.co.uk\/host\/vimeo.com\" target=\"_blank\" rel=\"noreferrer noopener\">vimeo.com<\/a><\/td>\r\n<td>vuid<\/td>\r\n<td>Tercer<\/td>\r\n<td>720 D\u00edas<\/td>\r\n<\/tr>\r\n<\/tbody>\r\n<\/table>\r\n<\/figure>\r\n\r\n\r\n\r\n<p>Oposici\u00f3 a las cookies<\/p>\r\n\r\n\r\n\r\n<p>Sense perjudici de les opcions de el navegador a la instal\u00b7laci\u00f3 de Cookies, pot eliminar les cookies del seu navegador en qualsevol moment.<\/p>\r\n\r\n\r\n\r\n<p>Aix\u00ed mateix, pot oposar-se a la instal\u00b7laci\u00f3 de determinades Cookies directament davant el prove\u00efdor de les mateixes, tenint major control sobre qu\u00e8 cookies permet.<\/p>\r\n\r\n\r\n\r\n<p>A continuaci\u00f3 us facilitem un llistat d\u2019hipervincles als quals pot accedir per sol\u00b7licitar aquesta oposici\u00f3 (opt-out).<\/p>\r\n\r\n\r\n\r\n<p>Com pots configurar les cookies i revocar el consentiment?<\/p>\r\n\r\n\r\n\r\n<p>Quan accedeixes per primera vegada a la nostra p\u00e0gina web, se\u2019t mostra una finestra en la qual se\u2019t demana que indiquis si acceptes les cookies o b\u00e9 si desitges configurar-les o rebutjar-les, llevat d\u2019aquelles estrictament necess\u00e0ries, a trav\u00e9s del Centre de Prefer\u00e8ncies de Privacitat a qu\u00e8 pots accedir directament des del banner principal del web, aix\u00ed com en qualsevol moment des de l\u2019enlla\u00e7 disponible a la web per Configuraci\u00f3 de cookies.<\/p>\r\n\r\n\r\n\r\n<p>Si vols configurar-les pots accedir a Centre de Prefer\u00e8ncies de Privacitat en el qual pots visualitzar el tipus de cookies amb qu\u00e8 treballem i la seva funci\u00f3 i amb aix\u00f2 triar la instal\u00b7laci\u00f3 de les cookies de la teva elecci\u00f3. Aquesta acci\u00f3, aix\u00ed com retirar el consentiment prestat, la pots portar a terme en qualsevol moment.<\/p>\r\n\r\n\r\n\r\n<p>Si acceptes cookies de tercers i posteriorment desitges eliminar podr\u00e0s fer servir les eines de desactivaci\u00f3 de cookies dels diferents navegadors o mitjan\u00e7ant el sistema habilitat per aquests tercers per aix\u00f2 a trav\u00e9s dels enlla\u00e7os que t\u2019indiquem en els apartats anteriors.<\/p>\r\n\r\n\r\n\r\n<p>Recordeu que eliminar o oposar-se a determinades Cookies pot afectar la seva experi\u00e8ncia de navegaci\u00f3, o eliminar les seves prefer\u00e8ncies sobre les mateixes.<\/p>\r\n\r\n\r\n\r\n<p>Darrera actualitzaci\u00f3: mar\u00e7 2026<\/p>\r\n","protected":false},"excerpt":{"rendered":"<p>Qu\u00e8 s\u00f3n les cookies? Les cookies s\u00f3n petits arxius que alguns llocs web poden instal\u00b7lar en els seus dispositius o terminals d\u2019ordinador i que constitueixen procediments per recopilar autom\u00e0ticament informaci\u00f3 sobre usuaris d\u2019Internet durant la seva visita a un lloc web determinat per tal de,&#8230;<\/p>\n","protected":false},"author":1,"featured_media":0,"parent":0,"menu_order":0,"comment_status":"closed","ping_status":"closed","template":"","meta":{"_acf_changed":false,"footnotes":""},"class_list":["post-711","page","type-page","status-publish","hentry"],"acf":[],"yoast_head":"<!-- This site is optimized with the Yoast SEO plugin v27.6 - https:\/\/yoast.com\/product\/yoast-seo-wordpress\/ -->\n<title>Pol\u00edtica de cookies - Exea Impact<\/title>\n<meta name=\"robots\" content=\"index, follow, max-snippet:-1, max-image-preview:large, max-video-preview:-1\" \/>\n<link rel=\"canonical\" href=\"https:\/\/exeaimpact.org\/ca\/politica-de-cookies\/\" \/>\n<meta property=\"og:locale\" content=\"ca_ES\" \/>\n<meta property=\"og:type\" content=\"article\" \/>\n<meta property=\"og:title\" content=\"Pol\u00edtica de cookies - Exea Impact\" \/>\n<meta property=\"og:description\" content=\"Qu\u00e8 s\u00f3n les cookies? Les cookies s\u00f3n petits arxius que alguns llocs web poden instal\u00b7lar en els seus dispositius o terminals d\u2019ordinador i que constitueixen procediments per recopilar autom\u00e0ticament informaci\u00f3 sobre usuaris d\u2019Internet durant la seva visita a un lloc web determinat per tal de,...\" \/>\n<meta property=\"og:url\" content=\"https:\/\/exeaimpact.org\/ca\/politica-de-cookies\/\" \/>\n<meta property=\"og:site_name\" content=\"Exea Impact\" \/>\n<meta property=\"article:modified_time\" content=\"2026-03-03T16:43:03+00:00\" \/>\n<meta name=\"twitter:card\" content=\"summary_large_image\" \/>\n<meta name=\"twitter:label1\" content=\"Temps estimat de lectura\" \/>\n\t<meta name=\"twitter:data1\" content=\"6 minuts\" \/>\n<script type=\"application\/ld+json\" class=\"yoast-schema-graph\">{\"@context\":\"https:\\\/\\\/schema.org\",\"@graph\":[{\"@type\":\"WebPage\",\"@id\":\"https:\\\/\\\/exeaimpact.org\\\/ca\\\/politica-de-cookies\\\/\",\"url\":\"https:\\\/\\\/exeaimpact.org\\\/ca\\\/politica-de-cookies\\\/\",\"name\":\"Pol\u00edtica de cookies - Exea Impact\",\"isPartOf\":{\"@id\":\"https:\\\/\\\/exeaimpact.org\\\/ca\\\/#website\"},\"datePublished\":\"2025-08-12T17:00:58+00:00\",\"dateModified\":\"2026-03-03T16:43:03+00:00\",\"breadcrumb\":{\"@id\":\"https:\\\/\\\/exeaimpact.org\\\/ca\\\/politica-de-cookies\\\/#breadcrumb\"},\"inLanguage\":\"ca\",\"potentialAction\":[{\"@type\":\"ReadAction\",\"target\":[\"https:\\\/\\\/exeaimpact.org\\\/ca\\\/politica-de-cookies\\\/\"]}]},{\"@type\":\"BreadcrumbList\",\"@id\":\"https:\\\/\\\/exeaimpact.org\\\/ca\\\/politica-de-cookies\\\/#breadcrumb\",\"itemListElement\":[{\"@type\":\"ListItem\",\"position\":1,\"name\":\"Home\",\"item\":\"https:\\\/\\\/exeaimpact.org\\\/ca\\\/\"},{\"@type\":\"ListItem\",\"position\":2,\"name\":\"Pol\u00edtica de cookies\"}]},{\"@type\":\"WebSite\",\"@id\":\"https:\\\/\\\/exeaimpact.org\\\/ca\\\/#website\",\"url\":\"https:\\\/\\\/exeaimpact.org\\\/ca\\\/\",\"name\":\"Exea Impact\",\"description\":\"The Puig Family Foundation\",\"potentialAction\":[{\"@type\":\"SearchAction\",\"target\":{\"@type\":\"EntryPoint\",\"urlTemplate\":\"https:\\\/\\\/exeaimpact.org\\\/ca\\\/?s={search_term_string}\"},\"query-input\":{\"@type\":\"PropertyValueSpecification\",\"valueRequired\":true,\"valueName\":\"search_term_string\"}}],\"inLanguage\":\"ca\"}]}<\/script>\n<!-- \/ Yoast SEO plugin. -->","yoast_head_json":{"title":"Pol\u00edtica de cookies - Exea Impact","robots":{"index":"index","follow":"follow","max-snippet":"max-snippet:-1","max-image-preview":"max-image-preview:large","max-video-preview":"max-video-preview:-1"},"canonical":"https:\/\/exeaimpact.org\/ca\/politica-de-cookies\/","og_locale":"ca_ES","og_type":"article","og_title":"Pol\u00edtica de cookies - Exea Impact","og_description":"Qu\u00e8 s\u00f3n les cookies? Les cookies s\u00f3n petits arxius que alguns llocs web poden instal\u00b7lar en els seus dispositius o terminals d\u2019ordinador i que constitueixen procediments per recopilar autom\u00e0ticament informaci\u00f3 sobre usuaris d\u2019Internet durant la seva visita a un lloc web determinat per tal de,...","og_url":"https:\/\/exeaimpact.org\/ca\/politica-de-cookies\/","og_site_name":"Exea Impact","article_modified_time":"2026-03-03T16:43:03+00:00","twitter_card":"summary_large_image","twitter_misc":{"Temps estimat de lectura":"6 minuts"},"schema":{"@context":"https:\/\/schema.org","@graph":[{"@type":"WebPage","@id":"https:\/\/exeaimpact.org\/ca\/politica-de-cookies\/","url":"https:\/\/exeaimpact.org\/ca\/politica-de-cookies\/","name":"Pol\u00edtica de cookies - Exea Impact","isPartOf":{"@id":"https:\/\/exeaimpact.org\/ca\/#website"},"datePublished":"2025-08-12T17:00:58+00:00","dateModified":"2026-03-03T16:43:03+00:00","breadcrumb":{"@id":"https:\/\/exeaimpact.org\/ca\/politica-de-cookies\/#breadcrumb"},"inLanguage":"ca","potentialAction":[{"@type":"ReadAction","target":["https:\/\/exeaimpact.org\/ca\/politica-de-cookies\/"]}]},{"@type":"BreadcrumbList","@id":"https:\/\/exeaimpact.org\/ca\/politica-de-cookies\/#breadcrumb","itemListElement":[{"@type":"ListItem","position":1,"name":"Home","item":"https:\/\/exeaimpact.org\/ca\/"},{"@type":"ListItem","position":2,"name":"Pol\u00edtica de cookies"}]},{"@type":"WebSite","@id":"https:\/\/exeaimpact.org\/ca\/#website","url":"https:\/\/exeaimpact.org\/ca\/","name":"Exea Impact","description":"The Puig Family Foundation","potentialAction":[{"@type":"SearchAction","target":{"@type":"EntryPoint","urlTemplate":"https:\/\/exeaimpact.org\/ca\/?s={search_term_string}"},"query-input":{"@type":"PropertyValueSpecification","valueRequired":true,"valueName":"search_term_string"}}],"inLanguage":"ca"}]}},"_links":{"self":[{"href":"https:\/\/exeaimpact.org\/ca\/wp-json\/wp\/v2\/pages\/711","targetHints":{"allow":["GET"]}}],"collection":[{"href":"https:\/\/exeaimpact.org\/ca\/wp-json\/wp\/v2\/pages"}],"about":[{"href":"https:\/\/exeaimpact.org\/ca\/wp-json\/wp\/v2\/types\/page"}],"author":[{"embeddable":true,"href":"https:\/\/exeaimpact.org\/ca\/wp-json\/wp\/v2\/users\/1"}],"replies":[{"embeddable":true,"href":"https:\/\/exeaimpact.org\/ca\/wp-json\/wp\/v2\/comments?post=711"}],"version-history":[{"count":3,"href":"https:\/\/exeaimpact.org\/ca\/wp-json\/wp\/v2\/pages\/711\/revisions"}],"predecessor-version":[{"id":1947,"href":"https:\/\/exeaimpact.org\/ca\/wp-json\/wp\/v2\/pages\/711\/revisions\/1947"}],"wp:attachment":[{"href":"https:\/\/exeaimpact.org\/ca\/wp-json\/wp\/v2\/media?parent=711"}],"curies":[{"name":"wp","href":"https:\/\/api.w.org\/{rel}","templated":true}]}}